{"id":461,"date":"2025-12-05T18:12:34","date_gmt":"2025-12-05T18:12:34","guid":{"rendered":"https:\/\/cubikubs.com\/?page_id=461"},"modified":"2026-02-05T19:06:59","modified_gmt":"2026-02-05T19:06:59","slug":"contactez-cubikubs","status":"publish","type":"page","link":"https:\/\/cubikubs.com\/index.php\/contactez-cubikubs\/","title":{"rendered":"Contactez Cubikubs"},"content":{"rendered":"<p>[et_pb_section fb_built=\u00a0\u00bb1&Prime; admin_label=\u00a0\u00bbHeader &#038; Contact Form\u00a0\u00bb _builder_version=\u00a0\u00bb4.27.5&Prime; _module_preset=\u00a0\u00bbdefault\u00a0\u00bb background_enable_color=\u00a0\u00bboff\u00a0\u00bb collapsed=\u00a0\u00bbon\u00a0\u00bb global_colors_info=\u00a0\u00bb{}\u00a0\u00bb][et_pb_row _builder_version=\u00a0\u00bb4.27.5&Prime; _module_preset=\u00a0\u00bbdefault\u00a0\u00bb custom_margin=\u00a0\u00bb|||auto|false|false\u00a0\u00bb custom_margin_tablet=\u00a0\u00bb|||78px|false|false\u00a0\u00bb custom_margin_phone=\u00a0\u00bb|||44px|false|false\u00a0\u00bb custom_margin_last_edited=\u00a0\u00bbon|tablet\u00a0\u00bb custom_padding=\u00a0\u00bb||0px|||\u00a0\u00bb global_colors_info=\u00a0\u00bb{}\u00a0\u00bb][et_pb_column type=\u00a0\u00bb4_4&Prime; _builder_version=\u00a0\u00bb4.27.5&Prime; _module_preset=\u00a0\u00bbdefault\u00a0\u00bb global_colors_info=\u00a0\u00bb{}\u00a0\u00bb][et_pb_text _builder_version=\u00a0\u00bb4.27.5&Prime; _module_preset=\u00a0\u00bb_initial\u00a0\u00bb header_2_font=\u00a0\u00bbHeebo|700|||||||\u00a0\u00bb header_2_font_size=\u00a0\u00bb48px\u00a0\u00bb header_2_line_height=\u00a0\u00bb1.2em\u00a0\u00bb header_2_font_size_tablet=\u00a0\u00bb32px\u00a0\u00bb header_2_font_size_phone=\u00a0\u00bb20px\u00a0\u00bb header_2_font_size_last_edited=\u00a0\u00bbon|desktop\u00a0\u00bb locked=\u00a0\u00bboff\u00a0\u00bb global_colors_info=\u00a0\u00bb{}\u00a0\u00bb]<\/p>\n<h2>Prenez rendez-vous<\/h2>\n<p>[\/et_pb_text][\/et_pb_column][\/et_pb_row][et_pb_row column_structure=\u00a0\u00bb1_2,1_4,1_4&Prime; disabled_on=\u00a0\u00bboff|off|off\u00a0\u00bb _builder_version=\u00a0\u00bb4.27.5&Prime; _module_preset=\u00a0\u00bbdefault\u00a0\u00bb max_width=\u00a0\u00bb1280px\u00a0\u00bb custom_margin=\u00a0\u00bb|||auto|false|false\u00a0\u00bb custom_padding=\u00a0\u00bb4px||||false|false\u00a0\u00bb global_colors_info=\u00a0\u00bb{}\u00a0\u00bb][et_pb_column type=\u00a0\u00bb1_2&Prime; _builder_version=\u00a0\u00bb4.27.5&Prime; _module_preset=\u00a0\u00bbdefault\u00a0\u00bb global_colors_info=\u00a0\u00bb{}\u00a0\u00bb][et_pb_code _builder_version=\u00a0\u00bb4.27.5&Prime; _module_preset=\u00a0\u00bbdefault\u00a0\u00bb global_colors_info=\u00a0\u00bb{}\u00a0\u00bb]<\/p>\n<div class=\"calendly-inline-widget\" data-url=\"https:\/\/calendly.com\/rewwwrite\/eloi-flesch?hide_event_type_details=1&#038;hide_gdpr_banner=1\" style=\"min-width:320px;height:700px;\"><\/div>\n<p>\n<script type=\"text\/javascript\" src=\"https:\/\/assets.calendly.com\/assets\/external\/widget.js\" async><\/script>\n[\/et_pb_code][\/et_pb_column][et_pb_column type=\u00a0\u00bb1_4&Prime; _builder_version=\u00a0\u00bb4.22.0&Prime; _module_preset=\u00a0\u00bbdefault\u00a0\u00bb custom_padding=\u00a0\u00bb20px|10px|20px|10px|true|true\u00a0\u00bb link_option_url=\u00a0\u00bb#\u00a0\u00bb box_shadow_style=\u00a0\u00bbpreset4&Prime; box_shadow_horizontal=\u00a0\u00bb0px\u00a0\u00bb box_shadow_vertical=\u00a0\u00bb60px\u00a0\u00bb box_shadow_blur=\u00a0\u00bb90px\u00a0\u00bb box_shadow_color=\u00a0\u00bbrgba(133,62,244,0)\u00a0\u00bb global_colors_info=\u00a0\u00bb{}\u00a0\u00bb box_shadow_color__hover_enabled=\u00a0\u00bbon|hover\u00a0\u00bb box_shadow_color__hover=\u00a0\u00bbrgba(133,62,244,0.1)\u00a0\u00bb custom_padding__hover_enabled=\u00a0\u00bbon|hover\u00a0\u00bb custom_padding__hover=\u00a0\u00bb|20px||20px|true|true\u00a0\u00bb][et_pb_icon font_icon=\u00a0\u00bb&#xe076;||divi||400&Prime; icon_width=\u00a0\u00bb48px\u00a0\u00bb align=\u00a0\u00bbleft\u00a0\u00bb _builder_version=\u00a0\u00bb4.27.5&Prime; _module_preset=\u00a0\u00bbdefault\u00a0\u00bb background_enable_color=\u00a0\u00bboff\u00a0\u00bb global_colors_info=\u00a0\u00bb{}\u00a0\u00bb][\/et_pb_icon][et_pb_text _builder_version=\u00a0\u00bb4.27.5&Prime; _module_preset=\u00a0\u00bb_initial\u00a0\u00bb header_3_font=\u00a0\u00bbHeebo|700|||||||\u00a0\u00bb header_3_font_size=\u00a0\u00bb25px\u00a0\u00bb header_3_line_height=\u00a0\u00bb1.4em\u00a0\u00bb custom_margin=\u00a0\u00bb||0px||false|false\u00a0\u00bb header_3_font_size_tablet=\u00a0\u00bb20px\u00a0\u00bb header_3_font_size_phone=\u00a0\u00bb16px\u00a0\u00bb header_3_font_size_last_edited=\u00a0\u00bbon|desktop\u00a0\u00bb global_colors_info=\u00a0\u00bb{}\u00a0\u00bb]<\/p>\n<h3>Email<\/h3>\n<p>[\/et_pb_text][et_pb_text module_class=\u00a0\u00bbno-hyphen\u00a0\u00bb _builder_version=\u00a0\u00bb4.27.5&Prime; _module_preset=\u00a0\u00bb_initial\u00a0\u00bb text_font=\u00a0\u00bbLato||||||||\u00a0\u00bb text_text_color=\u00a0\u00bbgcid-abcabcad-d700-448a-a913-13e08d8ba5a5&Prime; text_line_height=\u00a0\u00bb1.8em\u00a0\u00bb link_text_color=\u00a0\u00bbgcid-abcabcad-d700-448a-a913-13e08d8ba5a5&Prime; global_colors_info=\u00a0\u00bb{%22gcid-abcabcad-d700-448a-a913-13e08d8ba5a5%22:%91%22link_text_color%22,%22text_text_color%22%93}\u00a0\u00bb]<\/p>\n<p><span style=\"font-weight: 400;\">contact@cubikubs.com<\/span><\/p>\n<p>[\/et_pb_text][\/et_pb_column][et_pb_column type=\u00a0\u00bb1_4&Prime; _builder_version=\u00a0\u00bb4.22.0&Prime; _module_preset=\u00a0\u00bbdefault\u00a0\u00bb custom_padding=\u00a0\u00bb20px|10px|20px|10px|true|true\u00a0\u00bb link_option_url=\u00a0\u00bb#\u00a0\u00bb box_shadow_style=\u00a0\u00bbpreset4&Prime; box_shadow_horizontal=\u00a0\u00bb0px\u00a0\u00bb box_shadow_vertical=\u00a0\u00bb60px\u00a0\u00bb box_shadow_blur=\u00a0\u00bb90px\u00a0\u00bb box_shadow_color=\u00a0\u00bbrgba(133,62,244,0)\u00a0\u00bb global_colors_info=\u00a0\u00bb{}\u00a0\u00bb box_shadow_color__hover_enabled=\u00a0\u00bbon|hover\u00a0\u00bb box_shadow_color__hover=\u00a0\u00bbrgba(133,62,244,0.1)\u00a0\u00bb custom_padding__hover_enabled=\u00a0\u00bbon|hover\u00a0\u00bb custom_padding__hover=\u00a0\u00bb|20px||20px|true|true\u00a0\u00bb][et_pb_icon font_icon=\u00a0\u00bb&#xe090;||divi||400&Prime; icon_width=\u00a0\u00bb48px\u00a0\u00bb align=\u00a0\u00bbleft\u00a0\u00bb _builder_version=\u00a0\u00bb4.27.5&Prime; _module_preset=\u00a0\u00bbdefault\u00a0\u00bb global_colors_info=\u00a0\u00bb{}\u00a0\u00bb][\/et_pb_icon][et_pb_text _builder_version=\u00a0\u00bb4.27.5&Prime; _module_preset=\u00a0\u00bb_initial\u00a0\u00bb header_3_font=\u00a0\u00bbHeebo|700|||||||\u00a0\u00bb header_3_font_size=\u00a0\u00bb25px\u00a0\u00bb header_3_line_height=\u00a0\u00bb1.4em\u00a0\u00bb custom_margin=\u00a0\u00bb||0px||false|false\u00a0\u00bb header_3_font_size_tablet=\u00a0\u00bb20px\u00a0\u00bb header_3_font_size_phone=\u00a0\u00bb16px\u00a0\u00bb header_3_font_size_last_edited=\u00a0\u00bbon|desktop\u00a0\u00bb global_colors_info=\u00a0\u00bb{}\u00a0\u00bb]<\/p>\n<h3>T\u00e9l\u00e9phone<\/h3>\n<p>[\/et_pb_text][et_pb_text _builder_version=\u00a0\u00bb4.27.5&Prime; _module_preset=\u00a0\u00bb_initial\u00a0\u00bb text_font=\u00a0\u00bbLato||||||||\u00a0\u00bb text_text_color=\u00a0\u00bbgcid-abcabcad-d700-448a-a913-13e08d8ba5a5&Prime; text_line_height=\u00a0\u00bb1.8em\u00a0\u00bb link_text_color=\u00a0\u00bbgcid-abcabcad-d700-448a-a913-13e08d8ba5a5&Prime; locked=\u00a0\u00bboff\u00a0\u00bb global_colors_info=\u00a0\u00bb{%22gcid-abcabcad-d700-448a-a913-13e08d8ba5a5%22:%91%22link_text_color%22,%22text_text_color%22%93}\u00a0\u00bb]<\/p>\n<p><span style=\"font-weight: 400;\">06 82 70 03 89<\/span><\/p>\n<p>[\/et_pb_text][\/et_pb_column][\/et_pb_row][et_pb_row disabled_on=\u00a0\u00bboff|off|off\u00a0\u00bb _builder_version=\u00a0\u00bb4.27.5&Prime; _module_preset=\u00a0\u00bbdefault\u00a0\u00bb global_colors_info=\u00a0\u00bb{}\u00a0\u00bb][et_pb_column type=\u00a0\u00bb4_4&Prime; _builder_version=\u00a0\u00bb4.27.5&Prime; _module_preset=\u00a0\u00bbdefault\u00a0\u00bb global_colors_info=\u00a0\u00bb{}\u00a0\u00bb][et_pb_button button_url=\u00a0\u00bbhttps:\/\/cubikubs.com\/index.php\/presentation_ot\/\u00a0\u00bb button_text=\u00a0\u00bbRevenir \u00e0 la pr\u00e9sentation de CubiKubs\u00a0\u00bb button_alignment=\u00a0\u00bbcenter\u00a0\u00bb module_class=\u00a0\u00bbjquery_ls_clic\u00a0\u00bb _builder_version=\u00a0\u00bb4.27.5&Prime; _module_preset=\u00a0\u00bbdbdeb059-06a0-4cf8-a131-176921624a2c\u00a0\u00bb hover_enabled=\u00a0\u00bb0&Prime; locked=\u00a0\u00bboff\u00a0\u00bb global_colors_info=\u00a0\u00bb{}\u00a0\u00bb sticky_enabled=\u00a0\u00bb0&Prime;][\/et_pb_button][et_pb_code _builder_version=\u00a0\u00bb4.27.5&Prime; _module_preset=\u00a0\u00bbdefault\u00a0\u00bb hover_enabled=\u00a0\u00bb0&Prime; global_colors_info=\u00a0\u00bb{}\u00a0\u00bb sticky_enabled=\u00a0\u00bb0&Prime;]\n<script>\n<!-- [et_pb_line_break_holder] -->\n\/\/ Fonction de r\u00e9cup\u00e9ration de variables\n<!-- [et_pb_line_break_holder] -->\nfunction getQueryVariable(variable) {\n<!-- [et_pb_line_break_holder] -->\n  var query = window.location.search.substring(1);\n<!-- [et_pb_line_break_holder] -->\n  var vars = query.split(\"&\");\n<!-- [et_pb_line_break_holder] -->\n  for (var i=0;i<vars.length;i++) {\n<!-- [et_pb_line_break_holder] -->\n    var pair = vars[i].split(\"=\");\n<!-- [et_pb_line_break_holder] -->\n    if (pair[0] == variable) {\n<!-- [et_pb_line_break_holder] -->\n      return pair[1];\n<!-- [et_pb_line_break_holder] -->\n    }\n<!-- [et_pb_line_break_holder] -->\n  } \n<!-- [et_pb_line_break_holder] -->\n}\n<!-- [et_pb_line_break_holder] -->\n<!-- [et_pb_line_break_holder] -->\n<!-- [et_pb_line_break_holder] -->\njQuery(document).ready(function($) {\n<!-- [et_pb_line_break_holder] -->\n\/\/ remplacement pour les espaces ins\u00e9cables\n<!-- [et_pb_line_break_holder] -->\n  $(\"*\").contents().each(function () {\n<!-- [et_pb_line_break_holder] -->\n    if (this.nodeType === 3) { \/\/ TEXT_NODE\n<!-- [et_pb_line_break_holder] -->\n      this.nodeValue = this.nodeValue.replace(\/%nbsp%\/g, \"\\u00A0\");\n<!-- [et_pb_line_break_holder] -->\n    }\n<!-- [et_pb_line_break_holder] -->\n  });\n<!-- [et_pb_line_break_holder] -->\n<!-- [et_pb_line_break_holder] -->\n\/\/ on r\u00e9cup\u00e8re la variable token de l url pour la replacer sur les liens de la page\n<!-- [et_pb_line_break_holder] -->\n  const params = new URLSearchParams(window.location.search);\n<!-- [et_pb_line_break_holder] -->\n  const tok = params.get(\"t\");\n<!-- [et_pb_line_break_holder] -->\n  $(\".jquery_ls_clic\").each(function () {\n<!-- [et_pb_line_break_holder] -->\n    if (tok) {\n<!-- [et_pb_line_break_holder] -->\n        const link = $(this);\n<!-- [et_pb_line_break_holder] -->\n        const href = link.attr(\"href\");\n<!-- [et_pb_line_break_holder] -->\n        \/\/ choisit&nbsp;? ou &\n<!-- [et_pb_line_break_holder] -->\n        const sep = href.includes(\"?\")&nbsp;? \"&\" : \"?\";\n<!-- [et_pb_line_break_holder] -->\n<!-- [et_pb_line_break_holder] -->\n        link.attr(\"href\", href + sep + \"t=\" + tok);\n<!-- [et_pb_line_break_holder] -->\n    }\n<!-- [et_pb_line_break_holder] -->\n    \n<!-- [et_pb_line_break_holder] -->\n<!-- [et_pb_line_break_holder] -->\n  });\n<!-- [et_pb_line_break_holder] -->\n<!-- [et_pb_line_break_holder] -->\n\/\/ ici, on g\u00e8re le compte d'arriv\u00e9es sur la page d'atterrissage\n<!-- [et_pb_line_break_holder] -->\n\tvar token = getQueryVariable(\"t\");\n<!-- [et_pb_line_break_holder] -->\n\tif(token){\n<!-- [et_pb_line_break_holder] -->\n\t\t$('.jquery_ls_clic').click(function(e){\n<!-- [et_pb_line_break_holder] -->\n\/\/\t\te.preventDefault();\n<!-- [et_pb_line_break_holder] -->\n\t\t\t$.ajax({\n<!-- [et_pb_line_break_holder] -->\n\t\t\t\turl: '\/ls\/ck\/clic.php',\n<!-- [et_pb_line_break_holder] -->\n\t\t\t\tmethod: 'GET',\n<!-- [et_pb_line_break_holder] -->\n\t\t\t\tdata: {\n<!-- [et_pb_line_break_holder] -->\n\t\t\t\t\ttoken: token,\n<!-- [et_pb_line_break_holder] -->\n\t\t\t\t\tattribut: \"11\",\n<!-- [et_pb_line_break_holder] -->\n\t\t\t\t },\n<!-- [et_pb_line_break_holder] -->\n\t\t\t\tsuccess: function (response) {\n<!-- [et_pb_line_break_holder] -->\n\t\t\t\t\tconsole.log(response);\n<!-- [et_pb_line_break_holder] -->\n\t\t\t\t}\n<!-- [et_pb_line_break_holder] -->\n\t\t\t})\n<!-- [et_pb_line_break_holder] -->\n\t\t});\n<!-- [et_pb_line_break_holder] -->\n\t}\n<!-- [et_pb_line_break_holder] -->\n});\n<!-- [et_pb_line_break_holder] -->\n<\/script>\n[\/et_pb_code][\/et_pb_column][\/et_pb_row][\/et_pb_section]<\/p>","protected":false},"excerpt":{"rendered":"<p>Contactez l&rsquo;\u00e9quipe de CubiKubs pour d\u00e9couvrir comment mutualiser et valoriser les donn\u00e9es culturelles de votre territoire.<\/p>","protected":false},"author":1,"featured_media":0,"parent":0,"menu_order":0,"comment_status":"closed","ping_status":"closed","template":"","meta":{"_et_pb_use_builder":"on","_et_pb_old_content":"","_et_gb_content_width":"","footnotes":""},"class_list":["post-461","page","type-page","status-publish","hentry"],"yoast_head":"<!-- This site is optimized with the Yoast SEO plugin v27.4 - https:\/\/yoast.com\/product\/yoast-seo-wordpress\/ -->\n<title>Contactez Cubikubs - Cubikubs<\/title>\n<meta name=\"description\" content=\"Prenez contact avec l&#039;\u00e9quipe de CubiKubs et d\u00e9couvrez comment mettre en valeur l&#039;activit\u00e9 culturelle de votre territoire.\" \/>\n<meta name=\"robots\" content=\"index, follow, max-snippet:-1, max-image-preview:large, max-video-preview:-1\" \/>\n<link rel=\"canonical\" href=\"https:\/\/cubikubs.com\/index.php\/contactez-cubikubs\/\" \/>\n<meta property=\"og:locale\" content=\"fr_FR\" \/>\n<meta property=\"og:type\" content=\"article\" \/>\n<meta property=\"og:title\" content=\"Contactez Cubikubs - Cubikubs\" \/>\n<meta property=\"og:description\" content=\"Prenez contact avec l&#039;\u00e9quipe de CubiKubs et d\u00e9couvrez comment mettre en valeur l&#039;activit\u00e9 culturelle de votre territoire.\" \/>\n<meta property=\"og:url\" content=\"https:\/\/cubikubs.com\/index.php\/contactez-cubikubs\/\" \/>\n<meta property=\"og:site_name\" content=\"Cubikubs\" \/>\n<meta property=\"article:modified_time\" content=\"2026-02-05T19:06:59+00:00\" \/>\n<meta name=\"twitter:card\" content=\"summary_large_image\" \/>\n<meta name=\"twitter:label1\" content=\"Dur\u00e9e de lecture estim\u00e9e\" \/>\n\t<meta name=\"twitter:data1\" content=\"1 minute\" \/>\n<script type=\"application\/ld+json\" class=\"yoast-schema-graph\">{\"@context\":\"https:\\\/\\\/schema.org\",\"@graph\":[{\"@type\":\"WebPage\",\"@id\":\"https:\\\/\\\/cubikubs.com\\\/index.php\\\/contactez-cubikubs\\\/\",\"url\":\"https:\\\/\\\/cubikubs.com\\\/index.php\\\/contactez-cubikubs\\\/\",\"name\":\"Contactez Cubikubs - Cubikubs\",\"isPartOf\":{\"@id\":\"https:\\\/\\\/cubikubs.com\\\/#website\"},\"datePublished\":\"2025-12-05T18:12:34+00:00\",\"dateModified\":\"2026-02-05T19:06:59+00:00\",\"description\":\"Prenez contact avec l'\u00e9quipe de CubiKubs et d\u00e9couvrez comment mettre en valeur l'activit\u00e9 culturelle de votre territoire.\",\"breadcrumb\":{\"@id\":\"https:\\\/\\\/cubikubs.com\\\/index.php\\\/contactez-cubikubs\\\/#breadcrumb\"},\"inLanguage\":\"fr-FR\",\"potentialAction\":[{\"@type\":\"ReadAction\",\"target\":[\"https:\\\/\\\/cubikubs.com\\\/index.php\\\/contactez-cubikubs\\\/\"]}]},{\"@type\":\"BreadcrumbList\",\"@id\":\"https:\\\/\\\/cubikubs.com\\\/index.php\\\/contactez-cubikubs\\\/#breadcrumb\",\"itemListElement\":[{\"@type\":\"ListItem\",\"position\":1,\"name\":\"Accueil\",\"item\":\"https:\\\/\\\/cubikubs.com\\\/\"},{\"@type\":\"ListItem\",\"position\":2,\"name\":\"Contactez Cubikubs\"}]},{\"@type\":\"WebSite\",\"@id\":\"https:\\\/\\\/cubikubs.com\\\/#website\",\"url\":\"https:\\\/\\\/cubikubs.com\\\/\",\"name\":\"Cubikubs\",\"description\":\"\",\"potentialAction\":[{\"@type\":\"SearchAction\",\"target\":{\"@type\":\"EntryPoint\",\"urlTemplate\":\"https:\\\/\\\/cubikubs.com\\\/?s={search_term_string}\"},\"query-input\":{\"@type\":\"PropertyValueSpecification\",\"valueRequired\":true,\"valueName\":\"search_term_string\"}}],\"inLanguage\":\"fr-FR\"}]}<\/script>\n<!-- \/ Yoast SEO plugin. -->","yoast_head_json":{"title":"Contactez Cubikubs - Cubikubs","description":"Prenez contact avec l'\u00e9quipe de CubiKubs et d\u00e9couvrez comment mettre en valeur l'activit\u00e9 culturelle de votre territoire.","robots":{"index":"index","follow":"follow","max-snippet":"max-snippet:-1","max-image-preview":"max-image-preview:large","max-video-preview":"max-video-preview:-1"},"canonical":"https:\/\/cubikubs.com\/index.php\/contactez-cubikubs\/","og_locale":"fr_FR","og_type":"article","og_title":"Contactez Cubikubs - Cubikubs","og_description":"Prenez contact avec l'\u00e9quipe de CubiKubs et d\u00e9couvrez comment mettre en valeur l'activit\u00e9 culturelle de votre territoire.","og_url":"https:\/\/cubikubs.com\/index.php\/contactez-cubikubs\/","og_site_name":"Cubikubs","article_modified_time":"2026-02-05T19:06:59+00:00","twitter_card":"summary_large_image","twitter_misc":{"Dur\u00e9e de lecture estim\u00e9e":"1 minute"},"schema":{"@context":"https:\/\/schema.org","@graph":[{"@type":"WebPage","@id":"https:\/\/cubikubs.com\/index.php\/contactez-cubikubs\/","url":"https:\/\/cubikubs.com\/index.php\/contactez-cubikubs\/","name":"Contactez Cubikubs - Cubikubs","isPartOf":{"@id":"https:\/\/cubikubs.com\/#website"},"datePublished":"2025-12-05T18:12:34+00:00","dateModified":"2026-02-05T19:06:59+00:00","description":"Prenez contact avec l'\u00e9quipe de CubiKubs et d\u00e9couvrez comment mettre en valeur l'activit\u00e9 culturelle de votre territoire.","breadcrumb":{"@id":"https:\/\/cubikubs.com\/index.php\/contactez-cubikubs\/#breadcrumb"},"inLanguage":"fr-FR","potentialAction":[{"@type":"ReadAction","target":["https:\/\/cubikubs.com\/index.php\/contactez-cubikubs\/"]}]},{"@type":"BreadcrumbList","@id":"https:\/\/cubikubs.com\/index.php\/contactez-cubikubs\/#breadcrumb","itemListElement":[{"@type":"ListItem","position":1,"name":"Accueil","item":"https:\/\/cubikubs.com\/"},{"@type":"ListItem","position":2,"name":"Contactez Cubikubs"}]},{"@type":"WebSite","@id":"https:\/\/cubikubs.com\/#website","url":"https:\/\/cubikubs.com\/","name":"Cubikubs","description":"","potentialAction":[{"@type":"SearchAction","target":{"@type":"EntryPoint","urlTemplate":"https:\/\/cubikubs.com\/?s={search_term_string}"},"query-input":{"@type":"PropertyValueSpecification","valueRequired":true,"valueName":"search_term_string"}}],"inLanguage":"fr-FR"}]}},"_links":{"self":[{"href":"https:\/\/cubikubs.com\/index.php\/wp-json\/wp\/v2\/pages\/461","targetHints":{"allow":["GET"]}}],"collection":[{"href":"https:\/\/cubikubs.com\/index.php\/wp-json\/wp\/v2\/pages"}],"about":[{"href":"https:\/\/cubikubs.com\/index.php\/wp-json\/wp\/v2\/types\/page"}],"author":[{"embeddable":true,"href":"https:\/\/cubikubs.com\/index.php\/wp-json\/wp\/v2\/users\/1"}],"replies":[{"embeddable":true,"href":"https:\/\/cubikubs.com\/index.php\/wp-json\/wp\/v2\/comments?post=461"}],"version-history":[{"count":27,"href":"https:\/\/cubikubs.com\/index.php\/wp-json\/wp\/v2\/pages\/461\/revisions"}],"predecessor-version":[{"id":819,"href":"https:\/\/cubikubs.com\/index.php\/wp-json\/wp\/v2\/pages\/461\/revisions\/819"}],"wp:attachment":[{"href":"https:\/\/cubikubs.com\/index.php\/wp-json\/wp\/v2\/media?parent=461"}],"curies":[{"name":"wp","href":"https:\/\/api.w.org\/{rel}","templated":true}]}}